{"id":2216,"date":"2021-03-09T15:46:24","date_gmt":"2021-03-09T13:46:24","guid":{"rendered":"https:\/\/wpc-fence.com\/scanfen-120\/scanfen-120-puerta-de-acceso-de-vehiculos-3000\/"},"modified":"2024-08-28T16:48:39","modified_gmt":"2024-08-28T13:48:39","slug":"scanfen-120-puerta-de-acceso-de-vehiculos-3000","status":"publish","type":"page","link":"https:\/\/wpc-fence.com\/es\/scanfen-120\/scanfen-120-puerta-de-acceso-de-vehiculos-3000\/","title":{"rendered":"ScanFen\u00ae 120 Puerta de acceso de veh\u00edculos 3000"},"content":{"rendered":"\t\t<div data-elementor-type=\"wp-post\" data-elementor-id=\"2216\" class=\"elementor elementor-2216 elementor-530\" data-elementor-settings=\"{&quot;ha_cmc_init_switcher&quot;:&quot;no&quot;}\">\n\t\t\t\t<div class=\"elementor-element elementor-element-b26473e e-flex e-con-boxed e-con e-parent\" data-id=\"b26473e\" data-element_type=\"container\" data-e-type=\"container\" id=\"top\" data-settings=\"{&quot;background_background&quot;:&quot;classic&quot;,&quot;_ha_eqh_enable&quot;:false}\">\n\t\t\t\t\t<div class=\"e-con-inner\">\n\t\t<div class=\"elementor-element elementor-element-feae549 e-con-full e-flex e-con e-child\" data-id=\"feae549\" data-element_type=\"container\" data-e-type=\"container\" data-settings=\"{&quot;_ha_eqh_enable&quot;:false}\">\n\t\t\t\t<div class=\"elementor-element elementor-element-e190bb5 elementor-widget elementor-widget-ha-carousel happy-addon ha-carousel\" data-id=\"e190bb5\" data-element_type=\"widget\" data-e-type=\"widget\" data-settings=\"{&quot;animation_speed&quot;:1500,&quot;slides_to_show&quot;:&quot;1&quot;,&quot;navigation&quot;:&quot;both&quot;,&quot;loop&quot;:&quot;yes&quot;,&quot;slides_to_show_tablet&quot;:3,&quot;slides_to_show_mobile&quot;:2,&quot;slides_transition&quot;:&quot;slide&quot;}\" data-widget_type=\"ha-carousel.default\">\n\t\t\t\t<div class=\"elementor-widget-container\">\n\t\t\t\t\t\n\t\t<div data-ha_rcc_uid=\"\" class=\"hajs-slick ha-slick ha-slick--carousel\">\n\n\t\t\t\n\t\t\t\t<div class=\"ha-slick-slide slick-slide\">\n\t\t\t\t\t<a class=\"ha-slick-item\" href=\"https:\/\/wpc-fence.com\/wp-content\/uploads\/2021\/03\/ScanFen\u00ae-100-Vehicle-Gate-3000-RAL-7024-scaled.jpg\">\n\t\t\t\t\t\t\t\t\t\t\t\t\t<img decoding=\"async\" class=\"ha-slick-img\" src=\"https:\/\/wpc-fence.com\/wp-content\/uploads\/2021\/03\/ScanFen\u00ae-100-Vehicle-Gate-3000-RAL-7024-768x432.jpg\" alt=\"\">\n\t\t\t\t\t\t\n\t\t\t\t\t\t\t\t\t\t\t<\/a>\n\t\t\t\t<\/div>\n\n\t\t\t\n\t\t\t\t<div class=\"ha-slick-slide slick-slide\">\n\t\t\t\t\t<a class=\"ha-slick-item\" href=\"https:\/\/wpc-fence.com\/wp-content\/uploads\/2021\/03\/SCANFEN_AP3-1-scaled.jpg\">\n\t\t\t\t\t\t\t\t\t\t\t\t\t<img decoding=\"async\" class=\"ha-slick-img\" src=\"https:\/\/wpc-fence.com\/wp-content\/uploads\/2021\/03\/SCANFEN_AP3-1-768x285.jpg\" alt=\"\">\n\t\t\t\t\t\t\n\t\t\t\t\t\t\t\t\t\t\t<\/a>\n\t\t\t\t<\/div>\n\n\t\t\t\n\t\t<\/div>\n\n\t\t\t\t\t<button type=\"button\" class=\"slick-prev\"><i aria-hidden=\"true\" class=\"fas fa-chevron-left\"><\/i><\/button>\n\t\t\n\t\t\t\t\t<button type=\"button\" class=\"slick-next\"><i aria-hidden=\"true\" class=\"fas fa-chevron-right\"><\/i><\/button>\n\t\t\n\t\t\t\t\t\t<\/div>\n\t\t\t\t<\/div>\n\t\t\t\t<\/div>\n\t\t<div class=\"elementor-element elementor-element-0747f03 e-con-full e-flex e-con e-child\" data-id=\"0747f03\" data-element_type=\"container\" data-e-type=\"container\" data-settings=\"{&quot;_ha_eqh_enable&quot;:false}\">\n\t\t\t\t<div class=\"elementor-element elementor-element-f6bfec2 elementor-widget elementor-widget-heading\" data-id=\"f6bfec2\" data-element_type=\"widget\" data-e-type=\"widget\" data-widget_type=\"heading.default\">\n\t\t\t\t<div class=\"elementor-widget-container\">\n\t\t\t\t\t<h2 class=\"elementor-heading-title elementor-size-default\">Puerta de acceso de veh\u00edculos 3000<\/h2>\t\t\t\t<\/div>\n\t\t\t\t<\/div>\n\t\t\t\t<div class=\"elementor-element elementor-element-509ca94 elementor-widget elementor-widget-heading\" data-id=\"509ca94\" data-element_type=\"widget\" data-e-type=\"widget\" data-widget_type=\"heading.default\">\n\t\t\t\t<div class=\"elementor-widget-container\">\n\t\t\t\t\t<h5 class=\"elementor-heading-title elementor-size-default\">ScanFen\u00ae 120<\/h5>\t\t\t\t<\/div>\n\t\t\t\t<\/div>\n\t\t\t\t<div class=\"elementor-element elementor-element-2e86831 elementor-icon-list--layout-traditional elementor-list-item-link-full_width elementor-widget elementor-widget-icon-list\" data-id=\"2e86831\" data-element_type=\"widget\" data-e-type=\"widget\" data-widget_type=\"icon-list.default\">\n\t\t\t\t<div class=\"elementor-widget-container\">\n\t\t\t\t\t\t\t<ul class=\"elementor-icon-list-items\">\n\t\t\t\t\t\t\t<li class=\"elementor-icon-list-item\">\n\t\t\t\t\t\t\t\t\t\t\t<span class=\"elementor-icon-list-icon\">\n\t\t\t\t\t\t\t<i aria-hidden=\"true\" class=\"fas fa-long-arrow-alt-right\"><\/i>\t\t\t\t\t\t<\/span>\n\t\t\t\t\t\t\t\t\t\t<span class=\"elementor-icon-list-text\"><b>Dimensiones del tablero:<\/b> 120x20mm<\/span>\n\t\t\t\t\t\t\t\t\t<\/li>\n\t\t\t\t\t\t\t\t<li class=\"elementor-icon-list-item\">\n\t\t\t\t\t\t\t\t\t\t\t<span class=\"elementor-icon-list-icon\">\n\t\t\t\t\t\t\t<i aria-hidden=\"true\" class=\"fas fa-long-arrow-alt-right\"><\/i>\t\t\t\t\t\t<\/span>\n\t\t\t\t\t\t\t\t\t\t<span class=\"elementor-icon-list-text\"><b>Anchura de una puerta:<\/b> 1460 mm<\/span>\n\t\t\t\t\t\t\t\t\t<\/li>\n\t\t\t\t\t\t\t\t<li class=\"elementor-icon-list-item\">\n\t\t\t\t\t\t\t\t\t\t\t<span class=\"elementor-icon-list-icon\">\n\t\t\t\t\t\t\t<i aria-hidden=\"true\" class=\"fas fa-long-arrow-alt-right\"><\/i>\t\t\t\t\t\t<\/span>\n\t\t\t\t\t\t\t\t\t\t<span class=\"elementor-icon-list-text\"><b>Distancia entre postes:<\/b> 3100 mm<\/span>\n\t\t\t\t\t\t\t\t\t<\/li>\n\t\t\t\t\t\t\t\t<li class=\"elementor-icon-list-item\">\n\t\t\t\t\t\t\t\t\t\t\t<span class=\"elementor-icon-list-icon\">\n\t\t\t\t\t\t\t<i aria-hidden=\"true\" class=\"fas fa-long-arrow-alt-right\"><\/i>\t\t\t\t\t\t<\/span>\n\t\t\t\t\t\t\t\t\t\t<span class=\"elementor-icon-list-text\"><b>Profundidad:<\/b> 40 mm (marco), 20 mm (tablas)<\/span>\n\t\t\t\t\t\t\t\t\t<\/li>\n\t\t\t\t\t\t\t\t<li class=\"elementor-icon-list-item\">\n\t\t\t\t\t\t\t\t\t\t\t<span class=\"elementor-icon-list-icon\">\n\t\t\t\t\t\t\t<i aria-hidden=\"true\" class=\"fas fa-long-arrow-alt-right\"><\/i>\t\t\t\t\t\t<\/span>\n\t\t\t\t\t\t\t\t\t\t<span class=\"elementor-icon-list-text\"><b>Postes:<\/b> 80x80x2000mm (acero inoxidable)<\/span>\n\t\t\t\t\t\t\t\t\t<\/li>\n\t\t\t\t\t\t\t\t<li class=\"elementor-icon-list-item\">\n\t\t\t\t\t\t\t\t\t\t\t<span class=\"elementor-icon-list-icon\">\n\t\t\t\t\t\t\t<i aria-hidden=\"true\" class=\"fas fa-long-arrow-alt-right\"><\/i>\t\t\t\t\t\t<\/span>\n\t\t\t\t\t\t\t\t\t\t<span class=\"elementor-icon-list-text\"><b>Acabado:<\/b> Recubrimiento en polvo mate (ISO 9001)<\/span>\n\t\t\t\t\t\t\t\t\t<\/li>\n\t\t\t\t\t\t\t\t<li class=\"elementor-icon-list-item\">\n\t\t\t\t\t\t\t\t\t\t\t<span class=\"elementor-icon-list-icon\">\n\t\t\t\t\t\t\t<i aria-hidden=\"true\" class=\"fas fa-long-arrow-alt-right\"><\/i>\t\t\t\t\t\t<\/span>\n\t\t\t\t\t\t\t\t\t\t<span class=\"elementor-icon-list-text\"><b>Color:<\/b> RAL7021 (Gris), RAL9003 (Blanco), RAL8028 (Marr\u00f3n)<\/span>\n\t\t\t\t\t\t\t\t\t<\/li>\n\t\t\t\t\t\t<\/ul>\n\t\t\t\t\t\t<\/div>\n\t\t\t\t<\/div>\n\t\t<div class=\"elementor-element elementor-element-27dbaf7 e-con-full e-flex e-con e-child\" data-id=\"27dbaf7\" data-element_type=\"container\" data-e-type=\"container\" data-settings=\"{&quot;_ha_eqh_enable&quot;:false}\">\n\t\t\t\t<div class=\"elementor-element elementor-element-31d693b elementor-hidden-phone elementor-widget elementor-widget-heading\" data-id=\"31d693b\" data-element_type=\"widget\" data-e-type=\"widget\" data-widget_type=\"heading.default\">\n\t\t\t\t<div class=\"elementor-widget-container\">\n\t\t\t\t\t<h5 class=\"elementor-heading-title elementor-size-default\">Si te interesa el sistema de vallado ScanFen\u00ae, solicita un presupuesto gratuito para tu proyecto:<\/h5>\t\t\t\t<\/div>\n\t\t\t\t<\/div>\n\t\t\t\t<div class=\"elementor-element elementor-element-39ec7c5 elementor-mobile-align-center elementor-widget__width-initial elementor-widget elementor-widget-button\" data-id=\"39ec7c5\" data-element_type=\"widget\" data-e-type=\"widget\" data-widget_type=\"button.default\">\n\t\t\t\t<div class=\"elementor-widget-container\">\n\t\t\t\t\t\t\t\t\t<div class=\"elementor-button-wrapper\">\n\t\t\t\t\t<a class=\"elementor-button elementor-button-link elementor-size-md\" href=\"https:\/\/wpc-fence.com\/es\/cita\/\">\n\t\t\t\t\t\t<span class=\"elementor-button-content-wrapper\">\n\t\t\t\t\t\t\t\t\t<span class=\"elementor-button-text\">Rellena el formulario de consulta de precios<\/span>\n\t\t\t\t\t<\/span>\n\t\t\t\t\t<\/a>\n\t\t\t\t<\/div>\n\t\t\t\t\t\t\t\t<\/div>\n\t\t\t\t<\/div>\n\t\t\t\t<\/div>\n\t\t\t\t<\/div>\n\t\t\t\t\t<\/div>\n\t\t\t\t<\/div>\n\t\t\t\t<section class=\"elementor-section elementor-top-section elementor-element elementor-element-821c9c1 elementor-section-boxed elementor-section-height-default elementor-section-height-default\" data-id=\"821c9c1\" data-element_type=\"section\" data-e-type=\"section\" data-settings=\"{&quot;background_background&quot;:&quot;classic&quot;,&quot;_ha_eqh_enable&quot;:false}\">\n\t\t\t\t\t\t<div class=\"elementor-container elementor-column-gap-default\">\n\t\t\t\t\t<div class=\"elementor-column elementor-col-100 elementor-top-column elementor-element elementor-element-839f1d8\" data-id=\"839f1d8\" data-element_type=\"column\" data-e-type=\"column\">\n\t\t\t<div class=\"elementor-widget-wrap elementor-element-populated\">\n\t\t\t\t\t\t<div class=\"elementor-element elementor-element-38dd9ce elementor-widget elementor-widget-heading\" data-id=\"38dd9ce\" data-element_type=\"widget\" data-e-type=\"widget\" data-widget_type=\"heading.default\">\n\t\t\t\t<div class=\"elementor-widget-container\">\n\t\t\t\t\t<h2 class=\"elementor-heading-title elementor-size-default\">Visi\u00f3n general<\/h2>\t\t\t\t<\/div>\n\t\t\t\t<\/div>\n\t\t\t\t<div class=\"elementor-element elementor-element-76345da elementor-widget elementor-widget-text-editor\" data-id=\"76345da\" data-element_type=\"widget\" data-e-type=\"widget\" data-widget_type=\"text-editor.default\">\n\t\t\t\t<div class=\"elementor-widget-container\">\n\t\t\t\t\t\t\t\t\t<p><span style=\"font-weight: bold;\">El ScanFen\u00ae<\/span><span style=\"font-weight: bold;\">120 Puerta de entrada 3000<\/span> es la puerta perfecta para la mayor\u00eda de las entradas residenciales. El espacio de paso de 2860 mm permite un acceso f\u00e1cil para la mayor\u00eda de los veh\u00edculos de uso cotidiano. Las mitades de 1,5 metros de ancho tambi\u00e9n pueden utilizarse c\u00f3modamente para el acceso de peatones debido a su longitud relativamente corta. Si es necesario, las dos mitades tambi\u00e9n pueden instalarse en lugares separados de tu sistema de vallado como dos puertas diferentes de 1,5 metros.  <span style=\"color: var( --e-global-color-text ); font-family: var( --e-global-typography-text-font-family ), Sans-serif; font-weight: var( --e-global-typography-text-font-weight ); font-size: 1rem;\">Ambas mitades son id\u00e9nticas, sin agujeros pretaladrados para cerraduras o pestillos, que pueden girar en ambos sentidos sin ning\u00fan obst\u00e1culo.<\/span><span style=\"font-style: inherit; font-weight: inherit; color: var( --e-global-color-text ); font-family: var( --e-global-typography-text-font-family ), Sans-serif;\"> <\/span><span style=\"font-size: 1rem; font-style: inherit; font-weight: var( --e-global-typography-text-font-weight ); color: var( --e-global-color-text ); font-family: var( --e-global-typography-text-font-family ), Sans-serif;\">Las placas de las bisagras se han montado previamente en los postes y se han pintado para que combinen con el color de las bisagras y den a tu cancela un aspecto limpio y bonito.<br \/>\nLas bisagras est\u00e1n atornilladas, lo que permite ajustarlas con precisi\u00f3n seg\u00fan las cerraduras o pestillos que vayas a utilizar. <\/span><\/p>\n<p><span style=\"font-style: inherit; font-weight: inherit; color: var( --e-global-color-text ); font-family: var( --e-global-typography-text-font-family ), Sans-serif;\">Todas nuestras puertas se han fabricado con acero inoxidable para aumentar su resistencia y durabilidad.<\/span><\/p>\n\t\t\t\t\t\t\t\t<\/div>\n\t\t\t\t<\/div>\n\t\t\t\t\t<\/div>\n\t\t<\/div>\n\t\t\t\t\t<\/div>\n\t\t<\/section>\n\t\t\t\t<section class=\"elementor-section elementor-top-section elementor-element elementor-element-53ba879 elementor-hidden-desktop elementor-hidden-tablet elementor-hidden-phone elementor-section-boxed elementor-section-height-default elementor-section-height-default\" data-id=\"53ba879\" data-element_type=\"section\" data-e-type=\"section\" data-settings=\"{&quot;_ha_eqh_enable&quot;:false}\">\n\t\t\t\t\t\t<div class=\"elementor-container elementor-column-gap-default\">\n\t\t\t\t\t<div class=\"elementor-column elementor-col-100 elementor-top-column elementor-element elementor-element-cbd8010\" data-id=\"cbd8010\" data-element_type=\"column\" data-e-type=\"column\">\n\t\t\t<div class=\"elementor-widget-wrap elementor-element-populated\">\n\t\t\t\t\t\t<div class=\"elementor-element elementor-element-feef04d elementor-widget elementor-widget-heading\" data-id=\"feef04d\" data-element_type=\"widget\" data-e-type=\"widget\" data-widget_type=\"heading.default\">\n\t\t\t\t<div class=\"elementor-widget-container\">\n\t\t\t\t\t<h2 class=\"elementor-heading-title elementor-size-default\">Galer\u00eda de fotos del ScanFen\u00ae 100 Vehicle Gate 3000<\/h2>\t\t\t\t<\/div>\n\t\t\t\t<\/div>\n\t\t\t\t<div class=\"elementor-element elementor-element-013c75e ha-image-grid--even elementor-widget elementor-widget-ha-image-grid happy-addon ha-image-grid\" data-id=\"013c75e\" data-element_type=\"widget\" data-e-type=\"widget\" data-settings=\"{&quot;layout&quot;:&quot;even&quot;,&quot;enable_popup&quot;:&quot;yes&quot;}\" data-widget_type=\"ha-image-grid.default\">\n\t\t\t\t<div class=\"elementor-widget-container\">\n\t\t\t\t\t\n\t\t<div class=\"ha-image-grid__wrap hajs-isotope ha-lightbox--has\">\n\t\t\t\t\t\t\t\n\t\t\t\t<a href=\"#\" data-mfp-src=\"https:\/\/wpc-fence.com\/wp-content\/uploads\/2021\/02\/ScanFen\u00ae-100-White-scaled-1024x575.jpg\" class=\"ha-image-grid__item ha-js-lightbox __fltr-1\">\n\t\t\t\t\t<img fetchpriority=\"high\" decoding=\"async\" width=\"768\" height=\"431\" src=\"https:\/\/wpc-fence.com\/wp-content\/uploads\/2021\/02\/ScanFen\u00ae-100-White-scaled-768x431.jpg\" class=\"elementor-animation-grow\" alt=\"\" srcset=\"https:\/\/wpc-fence.com\/wp-content\/uploads\/2021\/02\/ScanFen\u00ae-100-White-scaled-768x431.jpg 768w, https:\/\/wpc-fence.com\/wp-content\/uploads\/2021\/02\/ScanFen\u00ae-100-White-scaled-300x169.jpg 300w, https:\/\/wpc-fence.com\/wp-content\/uploads\/2021\/02\/ScanFen\u00ae-100-White-scaled-1024x575.jpg 1024w, https:\/\/wpc-fence.com\/wp-content\/uploads\/2021\/02\/ScanFen\u00ae-100-White-scaled-1536x863.jpg 1536w, https:\/\/wpc-fence.com\/wp-content\/uploads\/2021\/02\/ScanFen\u00ae-100-White-scaled-2048x1150.jpg 2048w\" sizes=\"(max-width: 768px) 100vw, 768px\" \/>\t\t\t\t<\/a>\n\t\t\t\t\t\t\t\n\t\t\t\t<a href=\"#\" data-mfp-src=\"https:\/\/wpc-fence.com\/wp-content\/uploads\/2021\/02\/ScanFen\u00ae-100-grey-1024x768.jpg\" class=\"ha-image-grid__item ha-js-lightbox __fltr-1\">\n\t\t\t\t\t<img decoding=\"async\" width=\"768\" height=\"576\" src=\"https:\/\/wpc-fence.com\/wp-content\/uploads\/2021\/02\/ScanFen\u00ae-100-grey-768x576.jpg\" class=\"elementor-animation-grow\" alt=\"\" srcset=\"https:\/\/wpc-fence.com\/wp-content\/uploads\/2021\/02\/ScanFen\u00ae-100-grey-768x576.jpg 768w, https:\/\/wpc-fence.com\/wp-content\/uploads\/2021\/02\/ScanFen\u00ae-100-grey-300x225.jpg 300w, https:\/\/wpc-fence.com\/wp-content\/uploads\/2021\/02\/ScanFen\u00ae-100-grey-1024x768.jpg 1024w, https:\/\/wpc-fence.com\/wp-content\/uploads\/2021\/02\/ScanFen\u00ae-100-grey-1536x1152.jpg 1536w, https:\/\/wpc-fence.com\/wp-content\/uploads\/2021\/02\/ScanFen\u00ae-100-grey-2048x1536.jpg 2048w\" sizes=\"(max-width: 768px) 100vw, 768px\" \/>\t\t\t\t<\/a>\n\t\t\t\t\t\t\t\n\t\t\t\t<a href=\"#\" data-mfp-src=\"https:\/\/wpc-fence.com\/wp-content\/uploads\/2021\/02\/ScanFen\u00ae-100-White-1-1024x575.jpg\" class=\"ha-image-grid__item ha-js-lightbox __fltr-1\">\n\t\t\t\t\t<img decoding=\"async\" width=\"768\" height=\"431\" src=\"https:\/\/wpc-fence.com\/wp-content\/uploads\/2021\/02\/ScanFen\u00ae-100-White-1-768x431.jpg\" class=\"elementor-animation-grow\" alt=\"\" srcset=\"https:\/\/wpc-fence.com\/wp-content\/uploads\/2021\/02\/ScanFen\u00ae-100-White-1-768x431.jpg 768w, https:\/\/wpc-fence.com\/wp-content\/uploads\/2021\/02\/ScanFen\u00ae-100-White-1-300x168.jpg 300w, https:\/\/wpc-fence.com\/wp-content\/uploads\/2021\/02\/ScanFen\u00ae-100-White-1-1024x575.jpg 1024w, https:\/\/wpc-fence.com\/wp-content\/uploads\/2021\/02\/ScanFen\u00ae-100-White-1-1536x863.jpg 1536w, https:\/\/wpc-fence.com\/wp-content\/uploads\/2021\/02\/ScanFen\u00ae-100-White-1-2048x1150.jpg 2048w\" sizes=\"(max-width: 768px) 100vw, 768px\" \/>\t\t\t\t<\/a>\n\t\t\t\t\t\t\t\n\t\t\t\t<a href=\"#\" data-mfp-src=\"https:\/\/wpc-fence.com\/wp-content\/uploads\/2021\/02\/Komposiittiaita_scanfen-19-1024x768.jpeg\" class=\"ha-image-grid__item ha-js-lightbox __fltr-1\">\n\t\t\t\t\t<img loading=\"lazy\" decoding=\"async\" width=\"768\" height=\"576\" src=\"https:\/\/wpc-fence.com\/wp-content\/uploads\/2021\/02\/Komposiittiaita_scanfen-19-768x576.jpeg\" class=\"elementor-animation-grow\" alt=\"\" srcset=\"https:\/\/wpc-fence.com\/wp-content\/uploads\/2021\/02\/Komposiittiaita_scanfen-19-768x576.jpeg 768w, https:\/\/wpc-fence.com\/wp-content\/uploads\/2021\/02\/Komposiittiaita_scanfen-19-300x225.jpeg 300w, https:\/\/wpc-fence.com\/wp-content\/uploads\/2021\/02\/Komposiittiaita_scanfen-19-1024x768.jpeg 1024w, https:\/\/wpc-fence.com\/wp-content\/uploads\/2021\/02\/Komposiittiaita_scanfen-19-1536x1152.jpeg 1536w, https:\/\/wpc-fence.com\/wp-content\/uploads\/2021\/02\/Komposiittiaita_scanfen-19-2048x1536.jpeg 2048w\" sizes=\"(max-width: 768px) 100vw, 768px\" \/>\t\t\t\t<\/a>\n\t\t\t\t\t\t\t\n\t\t\t\t<a href=\"#\" data-mfp-src=\"https:\/\/wpc-fence.com\/wp-content\/uploads\/2021\/02\/ScanFen\u00ae-100-White-2-1024x768.jpg\" class=\"ha-image-grid__item ha-js-lightbox __fltr-1\">\n\t\t\t\t\t<img loading=\"lazy\" decoding=\"async\" width=\"768\" height=\"576\" src=\"https:\/\/wpc-fence.com\/wp-content\/uploads\/2021\/02\/ScanFen\u00ae-100-White-2-768x576.jpg\" class=\"elementor-animation-grow\" alt=\"\" srcset=\"https:\/\/wpc-fence.com\/wp-content\/uploads\/2021\/02\/ScanFen\u00ae-100-White-2-768x576.jpg 768w, https:\/\/wpc-fence.com\/wp-content\/uploads\/2021\/02\/ScanFen\u00ae-100-White-2-300x225.jpg 300w, https:\/\/wpc-fence.com\/wp-content\/uploads\/2021\/02\/ScanFen\u00ae-100-White-2-1024x768.jpg 1024w, https:\/\/wpc-fence.com\/wp-content\/uploads\/2021\/02\/ScanFen\u00ae-100-White-2-1536x1152.jpg 1536w, https:\/\/wpc-fence.com\/wp-content\/uploads\/2021\/02\/ScanFen\u00ae-100-White-2-2048x1536.jpg 2048w\" sizes=\"(max-width: 768px) 100vw, 768px\" \/>\t\t\t\t<\/a>\n\t\t\t\t\t<\/div>\n\n\t\t\t\t\t\t<\/div>\n\t\t\t\t<\/div>\n\t\t\t\t\t<\/div>\n\t\t<\/div>\n\t\t\t\t\t<\/div>\n\t\t<\/section>\n\t\t\t\t<section class=\"elementor-section elementor-top-section elementor-element elementor-element-221ee44 elementor-section-boxed elementor-section-height-default elementor-section-height-default\" data-id=\"221ee44\" data-element_type=\"section\" data-e-type=\"section\" data-settings=\"{&quot;background_background&quot;:&quot;classic&quot;,&quot;_ha_eqh_enable&quot;:false}\">\n\t\t\t\t\t\t<div class=\"elementor-container elementor-column-gap-default\">\n\t\t\t\t\t<div class=\"elementor-column elementor-col-100 elementor-top-column elementor-element elementor-element-aa2ac39\" data-id=\"aa2ac39\" data-element_type=\"column\" data-e-type=\"column\">\n\t\t\t<div class=\"elementor-widget-wrap elementor-element-populated\">\n\t\t\t\t\t\t<div class=\"elementor-element elementor-element-93fb88b elementor-align-center elementor-hidden-desktop elementor-hidden-tablet elementor-hidden-phone elementor-widget elementor-widget-button\" data-id=\"93fb88b\" data-element_type=\"widget\" data-e-type=\"widget\" data-widget_type=\"button.default\">\n\t\t\t\t<div class=\"elementor-widget-container\">\n\t\t\t\t\t\t\t\t\t<div class=\"elementor-button-wrapper\">\n\t\t\t\t\t<a class=\"elementor-button elementor-button-link elementor-size-md elementor-animation-grow\" href=\"#\">\n\t\t\t\t\t\t<span class=\"elementor-button-content-wrapper\">\n\t\t\t\t\t\t<span class=\"elementor-button-icon\">\n\t\t\t\t<i aria-hidden=\"true\" class=\"fab fa-amazon\"><\/i>\t\t\t<\/span>\n\t\t\t\t\t\t\t\t\t<span class=\"elementor-button-text\">ScanFen\u00ae 100 en Amazon.es<\/span>\n\t\t\t\t\t<\/span>\n\t\t\t\t\t<\/a>\n\t\t\t\t<\/div>\n\t\t\t\t\t\t\t\t<\/div>\n\t\t\t\t<\/div>\n\t\t\t\t<div class=\"elementor-element elementor-element-d769c0f elementor-view-stacked elementor-shape-square elementor-widget__width-auto elementor-fixed elementor-invisible elementor-widget elementor-widget-icon\" data-id=\"d769c0f\" data-element_type=\"widget\" data-e-type=\"widget\" data-settings=\"{&quot;_animation&quot;:&quot;fadeInUp&quot;,&quot;_animation_delay&quot;:1000,&quot;_position&quot;:&quot;fixed&quot;}\" data-widget_type=\"icon.default\">\n\t\t\t\t<div class=\"elementor-widget-container\">\n\t\t\t\t\t\t\t<div class=\"elementor-icon-wrapper\">\n\t\t\t<a class=\"elementor-icon elementor-animation-grow\" href=\"#top\">\n\t\t\t<i aria-hidden=\"true\" class=\"fas fa-arrow-up\"><\/i>\t\t\t<\/a>\n\t\t<\/div>\n\t\t\t\t\t\t<\/div>\n\t\t\t\t<\/div>\n\t\t\t\t\t<\/div>\n\t\t<\/div>\n\t\t\t\t\t<\/div>\n\t\t<\/section>\n\t\t\t\t<\/div>\n\t\t","protected":false},"excerpt":{"rendered":"<p>Plantas de la mejor calidad Incre\u00edble variedad de plantas A partir de s\u00f3lo 6 Comprar ahora Colecci\u00f3n de plantas Cualquier planta para tu espacio Env\u00edo gratuito Env\u00edo gratuito en el pedido Devoluci\u00f3n del 100% del dinero Si el art\u00edculo no te ha gustado Hermosas Variedades de Plantas Luctus nec ullamcorper mattis, pulvinar dapibus leo.<br \/>\nVer Colecci\u00f3n Variedades de Cactus de Moda Luctus nec ullamcorper mattis, pulvinar dapibus &#8230; <\/p>\n<p class=\"read-more\"> <a class=\"\" href=\"https:\/\/websitedemos.net\/plant-store-02\/\"> <span class=\"screen-reader-text\">Inicio<\/span> Leer M\u00e1s \u00ab<\/a><\/p>\n","protected":false},"author":1,"featured_media":2157,"parent":2199,"menu_order":0,"comment_status":"closed","ping_status":"closed","template":"elementor_header_footer","meta":{"site-sidebar-layout":"no-sidebar","site-content-layout":"page-builder","ast-site-content-layout":"","site-content-style":"default","site-sidebar-style":"default","ast-global-header-display":"","ast-banner-title-visibility":"","ast-main-header-display":"","ast-hfb-above-header-display":"","ast-hfb-below-header-display":"","ast-hfb-mobile-header-display":"","site-post-title":"disabled","ast-breadcrumbs-content":"","ast-featured-img":"disabled","footer-sml-layout":"","theme-transparent-header-meta":"enabled","adv-header-id-meta":"","stick-header-meta":"","header-above-stick-meta":"","header-main-stick-meta":"","header-below-stick-meta":"","astra-migrate-meta-layouts":"default","ast-page-background-enabled":"default","ast-page-background-meta":{"desktop":{"background-color":"","background-image":"","background-repeat":"repeat","background-position":"center center","background-size":"auto","background-attachment":"scroll","background-type":"","background-media":"","overlay-type":"","overlay-color":"","overlay-opacity":"","overlay-gradient":""},"tablet":{"background-color":"","background-image":"","background-repeat":"repeat","background-position":"center center","background-size":"auto","background-attachment":"scroll","background-type":"","background-media":"","overlay-type":"","overlay-color":"","overlay-opacity":"","overlay-gradient":""},"mobile":{"background-color":"","background-image":"","background-repeat":"repeat","background-position":"center center","background-size":"auto","background-attachment":"scroll","background-type":"","background-media":"","overlay-type":"","overlay-color":"","overlay-opacity":"","overlay-gradient":""}},"ast-content-background-meta":{"desktop":{"background-color":"var(--ast-global-color-5)","background-image":"","background-repeat":"repeat","background-position":"center center","background-size":"auto","background-attachment":"scroll","background-type":"","background-media":"","overlay-type":"","overlay-color":"","overlay-opacity":"","overlay-gradient":""},"tablet":{"background-color":"var(--ast-global-color-5)","background-image":"","background-repeat":"repeat","background-position":"center center","background-size":"auto","background-attachment":"scroll","background-type":"","background-media":"","overlay-type":"","overlay-color":"","overlay-opacity":"","overlay-gradient":""},"mobile":{"background-color":"var(--ast-global-color-5)","background-image":"","background-repeat":"repeat","background-position":"center center","background-size":"auto","background-attachment":"scroll","background-type":"","background-media":"","overlay-type":"","overlay-color":"","overlay-opacity":"","overlay-gradient":""}},"footnotes":""},"class_list":["post-2216","page","type-page","status-publish","has-post-thumbnail","hentry"],"_links":{"self":[{"href":"https:\/\/wpc-fence.com\/es\/wp-json\/wp\/v2\/pages\/2216","targetHints":{"allow":["GET"]}}],"collection":[{"href":"https:\/\/wpc-fence.com\/es\/wp-json\/wp\/v2\/pages"}],"about":[{"href":"https:\/\/wpc-fence.com\/es\/wp-json\/wp\/v2\/types\/page"}],"author":[{"embeddable":true,"href":"https:\/\/wpc-fence.com\/es\/wp-json\/wp\/v2\/users\/1"}],"replies":[{"embeddable":true,"href":"https:\/\/wpc-fence.com\/es\/wp-json\/wp\/v2\/comments?post=2216"}],"version-history":[{"count":4,"href":"https:\/\/wpc-fence.com\/es\/wp-json\/wp\/v2\/pages\/2216\/revisions"}],"predecessor-version":[{"id":2504,"href":"https:\/\/wpc-fence.com\/es\/wp-json\/wp\/v2\/pages\/2216\/revisions\/2504"}],"up":[{"embeddable":true,"href":"https:\/\/wpc-fence.com\/es\/wp-json\/wp\/v2\/pages\/2199"}],"wp:featuredmedia":[{"embeddable":true,"href":"https:\/\/wpc-fence.com\/es\/wp-json\/wp\/v2\/media\/2157"}],"wp:attachment":[{"href":"https:\/\/wpc-fence.com\/es\/wp-json\/wp\/v2\/media?parent=2216"}],"curies":[{"name":"wp","href":"https:\/\/api.w.org\/{rel}","templated":true}]}}