{"id":2443,"date":"2021-03-01T11:06:41","date_gmt":"2021-03-01T09:06:41","guid":{"rendered":"https:\/\/wpc-fence.com\/scanfen-120\/scanfen-120-jalakaijate-aiavarav-1000\/"},"modified":"2024-08-28T17:07:55","modified_gmt":"2024-08-28T14:07:55","slug":"scanfen-120-jalakaijate-aiavarav-1000","status":"publish","type":"page","link":"https:\/\/wpc-fence.com\/et\/scanfen-120\/scanfen-120-jalakaijate-aiavarav-1000\/","title":{"rendered":"ScanFen\u00ae 120 Jalgv\u00e4rav 1000"},"content":{"rendered":"\t\t<div data-elementor-type=\"wp-post\" data-elementor-id=\"2443\" class=\"elementor elementor-2443 elementor-449\" data-elementor-settings=\"{&quot;ha_cmc_init_switcher&quot;:&quot;no&quot;}\">\n\t\t\t\t<div class=\"elementor-element elementor-element-195f415 e-flex e-con-boxed e-con e-parent\" data-id=\"195f415\" data-element_type=\"container\" data-e-type=\"container\" id=\"top\" data-settings=\"{&quot;background_background&quot;:&quot;classic&quot;,&quot;_ha_eqh_enable&quot;:false}\">\n\t\t\t\t\t<div class=\"e-con-inner\">\n\t\t<div class=\"elementor-element elementor-element-b6ac768 e-con-full e-flex e-con e-child\" data-id=\"b6ac768\" data-element_type=\"container\" data-e-type=\"container\" data-settings=\"{&quot;_ha_eqh_enable&quot;:false}\">\n\t\t\t\t<div class=\"elementor-element elementor-element-33ef213 elementor-widget elementor-widget-ha-carousel happy-addon ha-carousel\" data-id=\"33ef213\" data-element_type=\"widget\" data-e-type=\"widget\" data-settings=\"{&quot;animation_speed&quot;:1500,&quot;slides_to_show&quot;:&quot;1&quot;,&quot;navigation&quot;:&quot;both&quot;,&quot;loop&quot;:&quot;yes&quot;,&quot;slides_to_show_tablet&quot;:3,&quot;slides_to_show_mobile&quot;:2,&quot;slides_transition&quot;:&quot;slide&quot;}\" data-widget_type=\"ha-carousel.default\">\n\t\t\t\t<div class=\"elementor-widget-container\">\n\t\t\t\t\t\n\t\t<div data-ha_rcc_uid=\"\" class=\"hajs-slick ha-slick ha-slick--carousel\">\n\n\t\t\t\n\t\t\t\t<div class=\"ha-slick-slide slick-slide\">\n\t\t\t\t\t<a class=\"ha-slick-item\" href=\"https:\/\/wpc-fence.com\/wp-content\/uploads\/2021\/03\/ScanFen\u00ae-100-Pedestrian-Gate-1000-RAL-7024-scaled.jpg\">\n\t\t\t\t\t\t\t\t\t\t\t\t\t<img decoding=\"async\" class=\"ha-slick-img\" src=\"https:\/\/wpc-fence.com\/wp-content\/uploads\/2021\/03\/ScanFen\u00ae-100-Pedestrian-Gate-1000-RAL-7024-768x432.jpg\" alt=\"\">\n\t\t\t\t\t\t\n\t\t\t\t\t\t\t\t\t\t\t<\/a>\n\t\t\t\t<\/div>\n\n\t\t\t\n\t\t\t\t<div class=\"ha-slick-slide slick-slide\">\n\t\t\t\t\t<a class=\"ha-slick-item\" href=\"https:\/\/wpc-fence.com\/wp-content\/uploads\/2021\/03\/SCANFEN_KP1.jpg\">\n\t\t\t\t\t\t\t\t\t\t\t\t\t<img decoding=\"async\" class=\"ha-slick-img\" src=\"https:\/\/wpc-fence.com\/wp-content\/uploads\/2021\/03\/SCANFEN_KP1-768x666.jpg\" alt=\"\">\n\t\t\t\t\t\t\n\t\t\t\t\t\t\t\t\t\t\t<\/a>\n\t\t\t\t<\/div>\n\n\t\t\t\n\t\t<\/div>\n\n\t\t\t\t\t<button type=\"button\" class=\"slick-prev\"><i aria-hidden=\"true\" class=\"fas fa-chevron-left\"><\/i><\/button>\n\t\t\n\t\t\t\t\t<button type=\"button\" class=\"slick-next\"><i aria-hidden=\"true\" class=\"fas fa-chevron-right\"><\/i><\/button>\n\t\t\n\t\t\t\t\t\t<\/div>\n\t\t\t\t<\/div>\n\t\t\t\t<\/div>\n\t\t<div class=\"elementor-element elementor-element-b393e46 e-con-full e-flex e-con e-child\" data-id=\"b393e46\" data-element_type=\"container\" data-e-type=\"container\" data-settings=\"{&quot;_ha_eqh_enable&quot;:false}\">\n\t\t\t\t<div class=\"elementor-element elementor-element-a0d6584 elementor-widget elementor-widget-heading\" data-id=\"a0d6584\" data-element_type=\"widget\" data-e-type=\"widget\" data-widget_type=\"heading.default\">\n\t\t\t\t<div class=\"elementor-widget-container\">\n\t\t\t\t\t<h2 class=\"elementor-heading-title elementor-size-default\">Jalgv\u00e4rav 1000<\/h2>\t\t\t\t<\/div>\n\t\t\t\t<\/div>\n\t\t\t\t<div class=\"elementor-element elementor-element-bf637b5 elementor-widget elementor-widget-heading\" data-id=\"bf637b5\" data-element_type=\"widget\" data-e-type=\"widget\" data-widget_type=\"heading.default\">\n\t\t\t\t<div class=\"elementor-widget-container\">\n\t\t\t\t\t<h5 class=\"elementor-heading-title elementor-size-default\">ScanFen\u00ae 120<\/h5>\t\t\t\t<\/div>\n\t\t\t\t<\/div>\n\t\t\t\t<div class=\"elementor-element elementor-element-aad56b6 elementor-icon-list--layout-traditional elementor-list-item-link-full_width elementor-widget elementor-widget-icon-list\" data-id=\"aad56b6\" data-element_type=\"widget\" data-e-type=\"widget\" data-widget_type=\"icon-list.default\">\n\t\t\t\t<div class=\"elementor-widget-container\">\n\t\t\t\t\t\t\t<ul class=\"elementor-icon-list-items\">\n\t\t\t\t\t\t\t<li class=\"elementor-icon-list-item\">\n\t\t\t\t\t\t\t\t\t\t\t<span class=\"elementor-icon-list-icon\">\n\t\t\t\t\t\t\t<i aria-hidden=\"true\" class=\"fas fa-long-arrow-alt-right\"><\/i>\t\t\t\t\t\t<\/span>\n\t\t\t\t\t\t\t\t\t\t<span class=\"elementor-icon-list-text\"><b>Laudade m\u00f5\u00f5tmed:<\/b> 120x20mm<\/span>\n\t\t\t\t\t\t\t\t\t<\/li>\n\t\t\t\t\t\t\t\t<li class=\"elementor-icon-list-item\">\n\t\t\t\t\t\t\t\t\t\t\t<span class=\"elementor-icon-list-icon\">\n\t\t\t\t\t\t\t<i aria-hidden=\"true\" class=\"fas fa-long-arrow-alt-right\"><\/i>\t\t\t\t\t\t<\/span>\n\t\t\t\t\t\t\t\t\t\t<span class=\"elementor-icon-list-text\"><b>V\u00e4rava laius:<\/b> 980mm<\/span>\n\t\t\t\t\t\t\t\t\t<\/li>\n\t\t\t\t\t\t\t\t<li class=\"elementor-icon-list-item\">\n\t\t\t\t\t\t\t\t\t\t\t<span class=\"elementor-icon-list-icon\">\n\t\t\t\t\t\t\t<i aria-hidden=\"true\" class=\"fas fa-long-arrow-alt-right\"><\/i>\t\t\t\t\t\t<\/span>\n\t\t\t\t\t\t\t\t\t\t<span class=\"elementor-icon-list-text\"><b>Postide vaheline kaugus:<\/b> 1080mm<\/span>\n\t\t\t\t\t\t\t\t\t<\/li>\n\t\t\t\t\t\t\t\t<li class=\"elementor-icon-list-item\">\n\t\t\t\t\t\t\t\t\t\t\t<span class=\"elementor-icon-list-icon\">\n\t\t\t\t\t\t\t<i aria-hidden=\"true\" class=\"fas fa-long-arrow-alt-right\"><\/i>\t\t\t\t\t\t<\/span>\n\t\t\t\t\t\t\t\t\t\t<span class=\"elementor-icon-list-text\"><b>S\u00fcgavus:<\/b> 40mm (raam), 20mm (lauad)<\/span>\n\t\t\t\t\t\t\t\t\t<\/li>\n\t\t\t\t\t\t\t\t<li class=\"elementor-icon-list-item\">\n\t\t\t\t\t\t\t\t\t\t\t<span class=\"elementor-icon-list-icon\">\n\t\t\t\t\t\t\t<i aria-hidden=\"true\" class=\"fas fa-long-arrow-alt-right\"><\/i>\t\t\t\t\t\t<\/span>\n\t\t\t\t\t\t\t\t\t\t<span class=\"elementor-icon-list-text\"><b>Postid:<\/b> 80x80x2000mm (roostevaba teras)<\/span>\n\t\t\t\t\t\t\t\t\t<\/li>\n\t\t\t\t\t\t\t\t<li class=\"elementor-icon-list-item\">\n\t\t\t\t\t\t\t\t\t\t\t<span class=\"elementor-icon-list-icon\">\n\t\t\t\t\t\t\t<i aria-hidden=\"true\" class=\"fas fa-long-arrow-alt-right\"><\/i>\t\t\t\t\t\t<\/span>\n\t\t\t\t\t\t\t\t\t\t<span class=\"elementor-icon-list-text\"><b>Raami viimistlus:<\/b> Matt pulberv\u00e4rv (ISO 9001)<\/span>\n\t\t\t\t\t\t\t\t\t<\/li>\n\t\t\t\t\t\t\t\t<li class=\"elementor-icon-list-item\">\n\t\t\t\t\t\t\t\t\t\t\t<span class=\"elementor-icon-list-icon\">\n\t\t\t\t\t\t\t<i aria-hidden=\"true\" class=\"fas fa-long-arrow-alt-right\"><\/i>\t\t\t\t\t\t<\/span>\n\t\t\t\t\t\t\t\t\t\t<span class=\"elementor-icon-list-text\"><b>V\u00e4rv:<\/b> RAL7021 (Hall), RAL9003 (Valge), RAL8028 (Pruun).<\/span>\n\t\t\t\t\t\t\t\t\t<\/li>\n\t\t\t\t\t\t<\/ul>\n\t\t\t\t\t\t<\/div>\n\t\t\t\t<\/div>\n\t\t<div class=\"elementor-element elementor-element-d0464fd e-con-full e-flex e-con e-child\" data-id=\"d0464fd\" data-element_type=\"container\" data-e-type=\"container\" data-settings=\"{&quot;_ha_eqh_enable&quot;:false}\">\n\t\t\t\t<div class=\"elementor-element elementor-element-c5ea925 elementor-hidden-phone elementor-widget elementor-widget-heading\" data-id=\"c5ea925\" data-element_type=\"widget\" data-e-type=\"widget\" data-widget_type=\"heading.default\">\n\t\t\t\t<div class=\"elementor-widget-container\">\n\t\t\t\t\t<h5 class=\"elementor-heading-title elementor-size-default\">Kui olete huvitatud ScanFen\u00ae aias\u00fcsteemist, k\u00fcsi hinnapakkumist:<\/h5>\t\t\t\t<\/div>\n\t\t\t\t<\/div>\n\t\t\t\t<div class=\"elementor-element elementor-element-f2ede9c elementor-mobile-align-center elementor-widget__width-initial elementor-widget elementor-widget-button\" data-id=\"f2ede9c\" data-element_type=\"widget\" data-e-type=\"widget\" data-widget_type=\"button.default\">\n\t\t\t\t<div class=\"elementor-widget-container\">\n\t\t\t\t\t\t\t\t\t<div class=\"elementor-button-wrapper\">\n\t\t\t\t\t<a class=\"elementor-button elementor-button-link elementor-size-md\" href=\"https:\/\/wpc-fence.com\/et\/tsitaat\/\">\n\t\t\t\t\t\t<span class=\"elementor-button-content-wrapper\">\n\t\t\t\t\t\t\t\t\t<span class=\"elementor-button-text\">T\u00e4itke hinnap\u00e4ringu vorm<\/span>\n\t\t\t\t\t<\/span>\n\t\t\t\t\t<\/a>\n\t\t\t\t<\/div>\n\t\t\t\t\t\t\t\t<\/div>\n\t\t\t\t<\/div>\n\t\t\t\t<\/div>\n\t\t\t\t<\/div>\n\t\t\t\t\t<\/div>\n\t\t\t\t<\/div>\n\t\t\t\t<section class=\"elementor-section elementor-top-section elementor-element elementor-element-821c9c1 elementor-section-boxed elementor-section-height-default elementor-section-height-default\" data-id=\"821c9c1\" data-element_type=\"section\" data-e-type=\"section\" data-settings=\"{&quot;background_background&quot;:&quot;classic&quot;,&quot;_ha_eqh_enable&quot;:false}\">\n\t\t\t\t\t\t<div class=\"elementor-container elementor-column-gap-default\">\n\t\t\t\t\t<div class=\"elementor-column elementor-col-50 elementor-top-column elementor-element elementor-element-839f1d8\" data-id=\"839f1d8\" data-element_type=\"column\" data-e-type=\"column\">\n\t\t\t<div class=\"elementor-widget-wrap elementor-element-populated\">\n\t\t\t\t\t\t<div class=\"elementor-element elementor-element-38dd9ce elementor-widget elementor-widget-heading\" data-id=\"38dd9ce\" data-element_type=\"widget\" data-e-type=\"widget\" data-widget_type=\"heading.default\">\n\t\t\t\t<div class=\"elementor-widget-container\">\n\t\t\t\t\t<h2 class=\"elementor-heading-title elementor-size-default\">\u00dclevaade<\/h2>\t\t\t\t<\/div>\n\t\t\t\t<\/div>\n\t\t\t\t<div class=\"elementor-element elementor-element-76345da elementor-widget elementor-widget-text-editor\" data-id=\"76345da\" data-element_type=\"widget\" data-e-type=\"widget\" data-widget_type=\"text-editor.default\">\n\t\t\t\t<div class=\"elementor-widget-container\">\n\t\t\t\t\t\t\t\t\t<p><span style=\"font-weight: bold;\">ScanFen\u00ae<\/span><span style=\"font-weight: bold;\">120 Jalgv\u00e4rav 1000<\/span> on ideaalne v\u00e4rav teie aeda, kui teil ei ole vaja laiemat sisses\u00f5iduteed v\u00f5i soovite eraldi v\u00e4ravaid s\u00f5idukitele ja jalak\u00e4ijatele. <span style=\"font-style: inherit; font-weight: inherit; color: var( --e-global-color-text ); font-family: var( --e-global-typography-text-font-family ), Sans-serif;\">Tugevate 80&#215;80 mm postide vaheline kaugus on 1080 mm, mis sisaldab ruumi ka 80 mm tsingitud terasest hingede jaoks. See j\u00e4tab t\u00e4pselt 1 meetri mugavat l\u00e4bip\u00e4\u00e4suruumi, kui v\u00e4rav on laialt avatud. Hingeplaadid on eelnevalt paigaldatud postidele ja v\u00e4rvitud teie aia v\u00e4rviga sobivaks, et need liigselt silma ei torkaks, andes v\u00e4ravale puhta ja ilusa v\u00e4limus. Hinged on reguleeritavad vastavalt lukkudele v\u00f5i riividele, mida kavatsete kasutada.    <\/span><span style=\"color: var( --e-global-color-text ); font-family: var( --e-global-typography-text-font-family ), Sans-serif; font-weight: var( --e-global-typography-text-font-weight ); font-size: 1rem;\">Meie jalgv\u00e4ravad on valmistatud paigaldusvalmis kujul.<\/span><\/p>\n<p><span style=\"font-style: inherit; font-weight: inherit; color: var( --e-global-color-text ); font-family: var( --e-global-typography-text-font-family ), Sans-serif;\">K\u00f5ik meie v\u00e4ravaraamid on valmistatud roostevabast terasest, et tagada nende tugevus ja vastupidavus.<\/span><\/p>\n\t\t\t\t\t\t\t\t<\/div>\n\t\t\t\t<\/div>\n\t\t\t\t\t<\/div>\n\t\t<\/div>\n\t\t\t\t<div class=\"elementor-column elementor-col-50 elementor-top-column elementor-element elementor-element-ba5032a\" data-id=\"ba5032a\" data-element_type=\"column\" data-e-type=\"column\">\n\t\t\t<div class=\"elementor-widget-wrap elementor-element-populated\">\n\t\t\t\t\t\t<div class=\"elementor-element elementor-element-14747f8 elementor-widget elementor-widget-image\" data-id=\"14747f8\" data-element_type=\"widget\" data-e-type=\"widget\" data-widget_type=\"image.default\">\n\t\t\t\t<div class=\"elementor-widget-container\">\n\t\t\t\t\t\t\t\t\t\t\t\t\t\t\t\t<a href=\"https:\/\/wpc-fence.com\/wp-content\/uploads\/2021\/03\/ScanFen-Pedestrian-Gates-scaled.jpg\" data-elementor-open-lightbox=\"yes\" data-elementor-lightbox-title=\"ScanFen Pedestrian Gates\" data-e-action-hash=\"#elementor-action%3Aaction%3Dlightbox%26settings%3DeyJpZCI6ODI2LCJ1cmwiOiJodHRwczpcL1wvd3BjLWZlbmNlLmNvbVwvd3AtY29udGVudFwvdXBsb2Fkc1wvMjAyMVwvMDNcL1NjYW5GZW4tUGVkZXN0cmlhbi1HYXRlcy1zY2FsZWQuanBnIn0%3D\">\n\t\t\t\t\t\t\t<img fetchpriority=\"high\" decoding=\"async\" width=\"1024\" height=\"576\" src=\"https:\/\/wpc-fence.com\/wp-content\/uploads\/2021\/03\/ScanFen-Pedestrian-Gates-1024x576.jpg\" class=\"attachment-large size-large wp-image-826\" alt=\"ScanFen Pedestrian Gates\" srcset=\"https:\/\/wpc-fence.com\/wp-content\/uploads\/2021\/03\/ScanFen-Pedestrian-Gates-1024x576.jpg 1024w, https:\/\/wpc-fence.com\/wp-content\/uploads\/2021\/03\/ScanFen-Pedestrian-Gates-300x169.jpg 300w, https:\/\/wpc-fence.com\/wp-content\/uploads\/2021\/03\/ScanFen-Pedestrian-Gates-768x432.jpg 768w, https:\/\/wpc-fence.com\/wp-content\/uploads\/2021\/03\/ScanFen-Pedestrian-Gates-1536x864.jpg 1536w, https:\/\/wpc-fence.com\/wp-content\/uploads\/2021\/03\/ScanFen-Pedestrian-Gates-2048x1152.jpg 2048w\" sizes=\"(max-width: 1024px) 100vw, 1024px\" \/>\t\t\t\t\t\t\t\t<\/a>\n\t\t\t\t\t\t\t\t\t\t\t\t\t\t\t<\/div>\n\t\t\t\t<\/div>\n\t\t\t\t\t<\/div>\n\t\t<\/div>\n\t\t\t\t\t<\/div>\n\t\t<\/section>\n\t\t\t\t<section class=\"elementor-section elementor-top-section elementor-element elementor-element-53ba879 elementor-hidden-desktop elementor-hidden-tablet elementor-hidden-phone elementor-section-boxed elementor-section-height-default elementor-section-height-default\" data-id=\"53ba879\" data-element_type=\"section\" data-e-type=\"section\" data-settings=\"{&quot;_ha_eqh_enable&quot;:false}\">\n\t\t\t\t\t\t<div class=\"elementor-container elementor-column-gap-default\">\n\t\t\t\t\t<div class=\"elementor-column elementor-col-100 elementor-top-column elementor-element elementor-element-cbd8010\" data-id=\"cbd8010\" data-element_type=\"column\" data-e-type=\"column\">\n\t\t\t<div class=\"elementor-widget-wrap elementor-element-populated\">\n\t\t\t\t\t\t<div class=\"elementor-element elementor-element-feef04d elementor-widget elementor-widget-heading\" data-id=\"feef04d\" data-element_type=\"widget\" data-e-type=\"widget\" data-widget_type=\"heading.default\">\n\t\t\t\t<div class=\"elementor-widget-container\">\n\t\t\t\t\t<h2 class=\"elementor-heading-title elementor-size-default\">ScanFen\u00ae 120 galerii<\/h2>\t\t\t\t<\/div>\n\t\t\t\t<\/div>\n\t\t\t\t<div class=\"elementor-element elementor-element-013c75e ha-image-grid--even elementor-widget elementor-widget-ha-image-grid happy-addon ha-image-grid\" data-id=\"013c75e\" data-element_type=\"widget\" data-e-type=\"widget\" data-settings=\"{&quot;layout&quot;:&quot;even&quot;,&quot;enable_popup&quot;:&quot;yes&quot;}\" data-widget_type=\"ha-image-grid.default\">\n\t\t\t\t<div class=\"elementor-widget-container\">\n\t\t\t\t\t\n\t\t<div class=\"ha-image-grid__wrap hajs-isotope ha-lightbox--has\">\n\t\t\t\t\t\t\t\n\t\t\t\t<a href=\"#\" data-mfp-src=\"https:\/\/wpc-fence.com\/wp-content\/uploads\/2021\/02\/ScanFen\u00ae-100-White-scaled-1024x575.jpg\" class=\"ha-image-grid__item ha-js-lightbox __fltr-1\">\n\t\t\t\t\t<img decoding=\"async\" width=\"768\" height=\"431\" src=\"https:\/\/wpc-fence.com\/wp-content\/uploads\/2021\/02\/ScanFen\u00ae-100-White-scaled-768x431.jpg\" class=\"elementor-animation-grow\" alt=\"\" srcset=\"https:\/\/wpc-fence.com\/wp-content\/uploads\/2021\/02\/ScanFen\u00ae-100-White-scaled-768x431.jpg 768w, https:\/\/wpc-fence.com\/wp-content\/uploads\/2021\/02\/ScanFen\u00ae-100-White-scaled-300x169.jpg 300w, https:\/\/wpc-fence.com\/wp-content\/uploads\/2021\/02\/ScanFen\u00ae-100-White-scaled-1024x575.jpg 1024w, https:\/\/wpc-fence.com\/wp-content\/uploads\/2021\/02\/ScanFen\u00ae-100-White-scaled-1536x863.jpg 1536w, https:\/\/wpc-fence.com\/wp-content\/uploads\/2021\/02\/ScanFen\u00ae-100-White-scaled-2048x1150.jpg 2048w\" sizes=\"(max-width: 768px) 100vw, 768px\" \/>\t\t\t\t<\/a>\n\t\t\t\t\t\t\t\n\t\t\t\t<a href=\"#\" data-mfp-src=\"https:\/\/wpc-fence.com\/wp-content\/uploads\/2021\/02\/ScanFen\u00ae-100-grey-1024x768.jpg\" class=\"ha-image-grid__item ha-js-lightbox __fltr-1\">\n\t\t\t\t\t<img decoding=\"async\" width=\"768\" height=\"576\" src=\"https:\/\/wpc-fence.com\/wp-content\/uploads\/2021\/02\/ScanFen\u00ae-100-grey-768x576.jpg\" class=\"elementor-animation-grow\" alt=\"\" srcset=\"https:\/\/wpc-fence.com\/wp-content\/uploads\/2021\/02\/ScanFen\u00ae-100-grey-768x576.jpg 768w, https:\/\/wpc-fence.com\/wp-content\/uploads\/2021\/02\/ScanFen\u00ae-100-grey-300x225.jpg 300w, https:\/\/wpc-fence.com\/wp-content\/uploads\/2021\/02\/ScanFen\u00ae-100-grey-1024x768.jpg 1024w, https:\/\/wpc-fence.com\/wp-content\/uploads\/2021\/02\/ScanFen\u00ae-100-grey-1536x1152.jpg 1536w, https:\/\/wpc-fence.com\/wp-content\/uploads\/2021\/02\/ScanFen\u00ae-100-grey-2048x1536.jpg 2048w\" sizes=\"(max-width: 768px) 100vw, 768px\" \/>\t\t\t\t<\/a>\n\t\t\t\t\t\t\t\n\t\t\t\t<a href=\"#\" data-mfp-src=\"https:\/\/wpc-fence.com\/wp-content\/uploads\/2021\/02\/ScanFen\u00ae-100-White-1-1024x575.jpg\" class=\"ha-image-grid__item ha-js-lightbox __fltr-1\">\n\t\t\t\t\t<img loading=\"lazy\" decoding=\"async\" width=\"768\" height=\"431\" src=\"https:\/\/wpc-fence.com\/wp-content\/uploads\/2021\/02\/ScanFen\u00ae-100-White-1-768x431.jpg\" class=\"elementor-animation-grow\" alt=\"\" srcset=\"https:\/\/wpc-fence.com\/wp-content\/uploads\/2021\/02\/ScanFen\u00ae-100-White-1-768x431.jpg 768w, https:\/\/wpc-fence.com\/wp-content\/uploads\/2021\/02\/ScanFen\u00ae-100-White-1-300x168.jpg 300w, https:\/\/wpc-fence.com\/wp-content\/uploads\/2021\/02\/ScanFen\u00ae-100-White-1-1024x575.jpg 1024w, https:\/\/wpc-fence.com\/wp-content\/uploads\/2021\/02\/ScanFen\u00ae-100-White-1-1536x863.jpg 1536w, https:\/\/wpc-fence.com\/wp-content\/uploads\/2021\/02\/ScanFen\u00ae-100-White-1-2048x1150.jpg 2048w\" sizes=\"(max-width: 768px) 100vw, 768px\" \/>\t\t\t\t<\/a>\n\t\t\t\t\t\t\t\n\t\t\t\t<a href=\"#\" data-mfp-src=\"https:\/\/wpc-fence.com\/wp-content\/uploads\/2021\/02\/Komposiittiaita_scanfen-19-1024x768.jpeg\" class=\"ha-image-grid__item ha-js-lightbox __fltr-1\">\n\t\t\t\t\t<img loading=\"lazy\" decoding=\"async\" width=\"768\" height=\"576\" src=\"https:\/\/wpc-fence.com\/wp-content\/uploads\/2021\/02\/Komposiittiaita_scanfen-19-768x576.jpeg\" class=\"elementor-animation-grow\" alt=\"\" srcset=\"https:\/\/wpc-fence.com\/wp-content\/uploads\/2021\/02\/Komposiittiaita_scanfen-19-768x576.jpeg 768w, https:\/\/wpc-fence.com\/wp-content\/uploads\/2021\/02\/Komposiittiaita_scanfen-19-300x225.jpeg 300w, https:\/\/wpc-fence.com\/wp-content\/uploads\/2021\/02\/Komposiittiaita_scanfen-19-1024x768.jpeg 1024w, https:\/\/wpc-fence.com\/wp-content\/uploads\/2021\/02\/Komposiittiaita_scanfen-19-1536x1152.jpeg 1536w, https:\/\/wpc-fence.com\/wp-content\/uploads\/2021\/02\/Komposiittiaita_scanfen-19-2048x1536.jpeg 2048w\" sizes=\"(max-width: 768px) 100vw, 768px\" \/>\t\t\t\t<\/a>\n\t\t\t\t\t\t\t\n\t\t\t\t<a href=\"#\" data-mfp-src=\"https:\/\/wpc-fence.com\/wp-content\/uploads\/2021\/02\/ScanFen\u00ae-100-White-2-1024x768.jpg\" class=\"ha-image-grid__item ha-js-lightbox __fltr-1\">\n\t\t\t\t\t<img loading=\"lazy\" decoding=\"async\" width=\"768\" height=\"576\" src=\"https:\/\/wpc-fence.com\/wp-content\/uploads\/2021\/02\/ScanFen\u00ae-100-White-2-768x576.jpg\" class=\"elementor-animation-grow\" alt=\"\" srcset=\"https:\/\/wpc-fence.com\/wp-content\/uploads\/2021\/02\/ScanFen\u00ae-100-White-2-768x576.jpg 768w, https:\/\/wpc-fence.com\/wp-content\/uploads\/2021\/02\/ScanFen\u00ae-100-White-2-300x225.jpg 300w, https:\/\/wpc-fence.com\/wp-content\/uploads\/2021\/02\/ScanFen\u00ae-100-White-2-1024x768.jpg 1024w, https:\/\/wpc-fence.com\/wp-content\/uploads\/2021\/02\/ScanFen\u00ae-100-White-2-1536x1152.jpg 1536w, https:\/\/wpc-fence.com\/wp-content\/uploads\/2021\/02\/ScanFen\u00ae-100-White-2-2048x1536.jpg 2048w\" sizes=\"(max-width: 768px) 100vw, 768px\" \/>\t\t\t\t<\/a>\n\t\t\t\t\t<\/div>\n\n\t\t\t\t\t\t<\/div>\n\t\t\t\t<\/div>\n\t\t\t\t\t<\/div>\n\t\t<\/div>\n\t\t\t\t\t<\/div>\n\t\t<\/section>\n\t\t\t\t<section class=\"elementor-section elementor-top-section elementor-element elementor-element-221ee44 elementor-section-boxed elementor-section-height-default elementor-section-height-default\" data-id=\"221ee44\" data-element_type=\"section\" data-e-type=\"section\" data-settings=\"{&quot;background_background&quot;:&quot;classic&quot;,&quot;_ha_eqh_enable&quot;:false}\">\n\t\t\t\t\t\t<div class=\"elementor-container elementor-column-gap-default\">\n\t\t\t\t\t<div class=\"elementor-column elementor-col-100 elementor-top-column elementor-element elementor-element-aa2ac39\" data-id=\"aa2ac39\" data-element_type=\"column\" data-e-type=\"column\">\n\t\t\t<div class=\"elementor-widget-wrap elementor-element-populated\">\n\t\t\t\t\t\t<div class=\"elementor-element elementor-element-93fb88b elementor-align-center elementor-hidden-desktop elementor-hidden-tablet elementor-hidden-phone elementor-widget elementor-widget-button\" data-id=\"93fb88b\" data-element_type=\"widget\" data-e-type=\"widget\" data-widget_type=\"button.default\">\n\t\t\t\t<div class=\"elementor-widget-container\">\n\t\t\t\t\t\t\t\t\t<div class=\"elementor-button-wrapper\">\n\t\t\t\t\t<a class=\"elementor-button elementor-button-link elementor-size-md elementor-animation-grow\" href=\"#\">\n\t\t\t\t\t\t<span class=\"elementor-button-content-wrapper\">\n\t\t\t\t\t\t<span class=\"elementor-button-icon\">\n\t\t\t\t<i aria-hidden=\"true\" class=\"fab fa-amazon\"><\/i>\t\t\t<\/span>\n\t\t\t\t\t\t\t\t\t<span class=\"elementor-button-text\">ScanFen\u00ae 100 Amazon.co.uk veebilehel<\/span>\n\t\t\t\t\t<\/span>\n\t\t\t\t\t<\/a>\n\t\t\t\t<\/div>\n\t\t\t\t\t\t\t\t<\/div>\n\t\t\t\t<\/div>\n\t\t\t\t<div class=\"elementor-element elementor-element-d769c0f elementor-view-stacked elementor-shape-square elementor-widget__width-auto elementor-fixed elementor-invisible elementor-widget elementor-widget-icon\" data-id=\"d769c0f\" data-element_type=\"widget\" data-e-type=\"widget\" data-settings=\"{&quot;_animation&quot;:&quot;fadeInUp&quot;,&quot;_animation_delay&quot;:1000,&quot;_position&quot;:&quot;fixed&quot;}\" data-widget_type=\"icon.default\">\n\t\t\t\t<div class=\"elementor-widget-container\">\n\t\t\t\t\t\t\t<div class=\"elementor-icon-wrapper\">\n\t\t\t<a class=\"elementor-icon elementor-animation-grow\" href=\"#top\">\n\t\t\t<i aria-hidden=\"true\" class=\"fas fa-arrow-up\"><\/i>\t\t\t<\/a>\n\t\t<\/div>\n\t\t\t\t\t\t<\/div>\n\t\t\t\t<\/div>\n\t\t\t\t\t<\/div>\n\t\t<\/div>\n\t\t\t\t\t<\/div>\n\t\t<\/section>\n\t\t\t\t<\/div>\n\t\t","protected":false},"excerpt":{"rendered":"<p>Parima kvaliteediga taimed H\u00e4mmastav erinevaid taimi alates vaid $6 Osta n\u00fc\u00fcd Taimede kollektsioon Iga taime oma ruumi jaoks Tasuta kohaletoimetamine Tasuta kohaletoimetamine tellimuse korral 100% raha tagasi Kui toode ei sobi teile Ilusad taimesordid Luctus nec ullamcorper mattis, pulvinar dapibus leo. Vaata kollektsiooni Trendikad kaktuse sordid Luctus nec ullamcorper mattis, pulvinar dapibus &#8230; <\/p>\n<p class=\"read-more\"> <a class=\"\" href=\"https:\/\/websitedemos.net\/plant-store-02\/\"> <span class=\"screen-reader-text\">Kodu<\/span> Loe edasi &#8220;<\/a><\/p>\n","protected":false},"author":1,"featured_media":2382,"parent":2426,"menu_order":0,"comment_status":"closed","ping_status":"closed","template":"elementor_header_footer","meta":{"site-sidebar-layout":"no-sidebar","site-content-layout":"page-builder","ast-site-content-layout":"","site-content-style":"default","site-sidebar-style":"default","ast-global-header-display":"","ast-banner-title-visibility":"","ast-main-header-display":"","ast-hfb-above-header-display":"","ast-hfb-below-header-display":"","ast-hfb-mobile-header-display":"","site-post-title":"disabled","ast-breadcrumbs-content":"","ast-featured-img":"disabled","footer-sml-layout":"","theme-transparent-header-meta":"enabled","adv-header-id-meta":"","stick-header-meta":"","header-above-stick-meta":"","header-main-stick-meta":"","header-below-stick-meta":"","astra-migrate-meta-layouts":"default","ast-page-background-enabled":"default","ast-page-background-meta":{"desktop":{"background-color":"","background-image":"","background-repeat":"repeat","background-position":"center center","background-size":"auto","background-attachment":"scroll","background-type":"","background-media":"","overlay-type":"","overlay-color":"","overlay-opacity":"","overlay-gradient":""},"tablet":{"background-color":"","background-image":"","background-repeat":"repeat","background-position":"center center","background-size":"auto","background-attachment":"scroll","background-type":"","background-media":"","overlay-type":"","overlay-color":"","overlay-opacity":"","overlay-gradient":""},"mobile":{"background-color":"","background-image":"","background-repeat":"repeat","background-position":"center center","background-size":"auto","background-attachment":"scroll","background-type":"","background-media":"","overlay-type":"","overlay-color":"","overlay-opacity":"","overlay-gradient":""}},"ast-content-background-meta":{"desktop":{"background-color":"var(--ast-global-color-5)","background-image":"","background-repeat":"repeat","background-position":"center center","background-size":"auto","background-attachment":"scroll","background-type":"","background-media":"","overlay-type":"","overlay-color":"","overlay-opacity":"","overlay-gradient":""},"tablet":{"background-color":"var(--ast-global-color-5)","background-image":"","background-repeat":"repeat","background-position":"center center","background-size":"auto","background-attachment":"scroll","background-type":"","background-media":"","overlay-type":"","overlay-color":"","overlay-opacity":"","overlay-gradient":""},"mobile":{"background-color":"var(--ast-global-color-5)","background-image":"","background-repeat":"repeat","background-position":"center center","background-size":"auto","background-attachment":"scroll","background-type":"","background-media":"","overlay-type":"","overlay-color":"","overlay-opacity":"","overlay-gradient":""}},"footnotes":""},"class_list":["post-2443","page","type-page","status-publish","has-post-thumbnail","hentry"],"_links":{"self":[{"href":"https:\/\/wpc-fence.com\/et\/wp-json\/wp\/v2\/pages\/2443","targetHints":{"allow":["GET"]}}],"collection":[{"href":"https:\/\/wpc-fence.com\/et\/wp-json\/wp\/v2\/pages"}],"about":[{"href":"https:\/\/wpc-fence.com\/et\/wp-json\/wp\/v2\/types\/page"}],"author":[{"embeddable":true,"href":"https:\/\/wpc-fence.com\/et\/wp-json\/wp\/v2\/users\/1"}],"replies":[{"embeddable":true,"href":"https:\/\/wpc-fence.com\/et\/wp-json\/wp\/v2\/comments?post=2443"}],"version-history":[{"count":5,"href":"https:\/\/wpc-fence.com\/et\/wp-json\/wp\/v2\/pages\/2443\/revisions"}],"predecessor-version":[{"id":2544,"href":"https:\/\/wpc-fence.com\/et\/wp-json\/wp\/v2\/pages\/2443\/revisions\/2544"}],"up":[{"embeddable":true,"href":"https:\/\/wpc-fence.com\/et\/wp-json\/wp\/v2\/pages\/2426"}],"wp:featuredmedia":[{"embeddable":true,"href":"https:\/\/wpc-fence.com\/et\/wp-json\/wp\/v2\/media\/2382"}],"wp:attachment":[{"href":"https:\/\/wpc-fence.com\/et\/wp-json\/wp\/v2\/media?parent=2443"}],"curies":[{"name":"wp","href":"https:\/\/api.w.org\/{rel}","templated":true}]}}